{"id":530,"date":"2022-07-18T08:38:41","date_gmt":"2022-07-18T06:38:41","guid":{"rendered":"http:\/\/freundeskreis-schwetzinger-swr-festspiele.de\/?page_id=530"},"modified":"2025-12-05T08:40:05","modified_gmt":"2025-12-05T06:40:05","slug":"geschichte","status":"publish","type":"page","link":"http:\/\/freundeskreis-schwetzinger-swr-festspiele.de\/?page_id=530","title":{"rendered":"Geschichte der SWR Festspiele"},"content":{"rendered":"\n<figure class=\"wp-block-image size-large is-resized\"><a href=\"http:\/\/freundeskreis-schwetzinger-swr-festspiele.de\/wp-content\/uploads\/2024\/12\/1646742743856ssf-schlossbild-100__v-7x2@2dL_-bc89d1b8c81b47b66f836795f7bde50a08841ecb_NEU.jpg\"><img loading=\"lazy\" decoding=\"async\" width=\"1024\" height=\"293\" src=\"http:\/\/freundeskreis-schwetzinger-swr-festspiele.de\/wp-content\/uploads\/2024\/12\/1646742743856ssf-schlossbild-100__v-7x2@2dL_-bc89d1b8c81b47b66f836795f7bde50a08841ecb_NEU-1024x293.jpg\" alt=\"\" class=\"wp-image-896\" style=\"aspect-ratio:3.494982497082847;width:1156px;height:auto\" srcset=\"http:\/\/freundeskreis-schwetzinger-swr-festspiele.de\/wp-content\/uploads\/2024\/12\/1646742743856ssf-schlossbild-100__v-7x2@2dL_-bc89d1b8c81b47b66f836795f7bde50a08841ecb_NEU-1024x293.jpg 1024w, http:\/\/freundeskreis-schwetzinger-swr-festspiele.de\/wp-content\/uploads\/2024\/12\/1646742743856ssf-schlossbild-100__v-7x2@2dL_-bc89d1b8c81b47b66f836795f7bde50a08841ecb_NEU-300x86.jpg 300w, http:\/\/freundeskreis-schwetzinger-swr-festspiele.de\/wp-content\/uploads\/2024\/12\/1646742743856ssf-schlossbild-100__v-7x2@2dL_-bc89d1b8c81b47b66f836795f7bde50a08841ecb_NEU-768x219.jpg 768w, http:\/\/freundeskreis-schwetzinger-swr-festspiele.de\/wp-content\/uploads\/2024\/12\/1646742743856ssf-schlossbild-100__v-7x2@2dL_-bc89d1b8c81b47b66f836795f7bde50a08841ecb_NEU.jpg 1407w\" sizes=\"auto, (max-width: 1024px) 100vw, 1024px\" \/><\/a><\/figure>\n\n\n\n<h1 class=\"wp-block-heading\">Die Geschichte der Festspiele ist die Geschichte des Landes<\/h1>\n\n\n\n<p>Die Gr\u00fcndungsgeschichte des Landes Baden-W\u00fcrttemberg und der Schwetzinger Festspiele ist eng miteinander verbunden. Mit der politischen Zusammenf\u00fchrung von Baden und W\u00fcrttemberg im Jahre 1952 stellte sich auch die Frage nach der gerechten Standortverteilung besonderer Institutionen und Veranstaltungen. Schwetzingen erhielt in diesem Zusammenhang ganz bewusst die Chance, mit den Festspielen die kulturelle Bedeutung des badischen Raums zu steigern.<\/p>\n\n\n<div class=\"wp-block-image is-resized is-style-default\">\n<figure class=\"alignleft size-large has-custom-border\"><a href=\"http:\/\/freundeskreis-schwetzinger-swr-festspiele.de\/wp-content\/uploads\/2022\/07\/220505_Belcea-u-Ebene_46-\u00a9-SWR_Elmar-Witt-scaled.jpg\"><img loading=\"lazy\" decoding=\"async\" width=\"1024\" height=\"576\" src=\"http:\/\/freundeskreis-schwetzinger-swr-festspiele.de\/wp-content\/uploads\/2022\/07\/220505_Belcea-u-Ebene_46-\u00a9-SWR_Elmar-Witt-1024x576.jpg\" alt=\"\" class=\"wp-image-706\" style=\"border-radius:0px;aspect-ratio:1.7777988769226596;width:521px;height:auto\" srcset=\"http:\/\/freundeskreis-schwetzinger-swr-festspiele.de\/wp-content\/uploads\/2022\/07\/220505_Belcea-u-Ebene_46-\u00a9-SWR_Elmar-Witt-1024x576.jpg 1024w, http:\/\/freundeskreis-schwetzinger-swr-festspiele.de\/wp-content\/uploads\/2022\/07\/220505_Belcea-u-Ebene_46-\u00a9-SWR_Elmar-Witt-300x169.jpg 300w, http:\/\/freundeskreis-schwetzinger-swr-festspiele.de\/wp-content\/uploads\/2022\/07\/220505_Belcea-u-Ebene_46-\u00a9-SWR_Elmar-Witt-768x432.jpg 768w, http:\/\/freundeskreis-schwetzinger-swr-festspiele.de\/wp-content\/uploads\/2022\/07\/220505_Belcea-u-Ebene_46-\u00a9-SWR_Elmar-Witt-1536x864.jpg 1536w, http:\/\/freundeskreis-schwetzinger-swr-festspiele.de\/wp-content\/uploads\/2022\/07\/220505_Belcea-u-Ebene_46-\u00a9-SWR_Elmar-Witt-2048x1152.jpg 2048w\" sizes=\"auto, (max-width: 1024px) 100vw, 1024px\" \/><\/a><\/figure>\n<\/div>\n\n\n<p>Niemand konnte seinerzeit allerdings wissen, in welch hervorragender Art und Weise es gelingen w\u00fcrde, die Chance zu nutzen und die Faszination dieses j\u00e4hrlich wiederkehrenden Musik-Ereignisses weit \u00fcber die Landesgrenzen hinaus in die Welt zu tragen. Neben der besonderen kulturellen Bedeutung erf\u00fcllen die Schwetzinger SWR Festspiele f\u00fcr die Stadt Schwetzingen und Nordbaden aber seit&nbsp;fast 70 Jahren auch eine beachtliche wirtschaftliche Funktion.<\/p>\n\n\n\n<p>Nicht zuletzt der \u201cSchwetzinger Dramaturgie\u201d ist es zu verdanken, dass die Festspiele aus dem sehr stark gewachsenen Angebot an Musikveranstaltungen nach wie vor souver\u00e4n herausragen und als Vorbild f\u00fcr j\u00fcngere Veranstaltungsreihen gl\u00e4nzen. Seit Jahrzehnten gelingt es dieser Dramaturgie immer wieder aufs Neue, eine sensible Balance zwischen Tradition und Aufbruch herzustellen und spannungsvoll zu gestalten. Eine w\u00fcrdige B\u00fchne f\u00fcr ber\u00fchmte Interpreten und eine tatkr\u00e4ftige Institution bei der F\u00f6rderung des k\u00fcnstlerischen Nachwuchses: Das zeichnet die Schwetzinger Festspiele aus. M\u00f6ge es so bleiben.<\/p>\n\n\n\n<p class=\"has-text-align-center is-style-plain\">\u201cAltes wiederentdecken, Neues initiieren, dem Nachwuchs eine Chance.\u201d<\/p>\n\n\n\n<p>1952 gegr\u00fcndet, haben sich die Schwetzinger SWR Festspiele in den letzten sechs Jahrzenten zu einem der bedeutendsten deutschen Musikfestivals entwickelt. Insbesondere die Kammerkonzerte finden gro\u00dfe internationale Aufmerksamkeit.<\/p>\n\n\n\n<ul class=\"wp-block-list\">\n<li>Dieses Anliegen der Gr\u00fcnderv\u00e4ter pr\u00e4gt die \u201cSchwetzinger Dramaturgie\u201d bis heute: die F\u00f6rderung zeitgen\u00f6ssicher Kunst durch die Vergabe von Kompositionsauftr\u00e4gen und damit verbunden die F\u00f6rderung junger Komponisten und Interpreten<\/li>\n\n\n\n<li>die Pflege musikalischer Tradition durch die Auff\u00fchrung historischer Werke in zeitgem\u00e4\u00dfen Produktionen<\/li>\n<\/ul>\n\n\n\n<p>Opernauff\u00fchrungen und Konzerte bilden die S\u00e4ulen des Festspielgeschehens, das j\u00e4hrlich im Fr\u00fchjahr einen besonderen Glanz \u00fcber das Schloss und die Stadt Schwetzingen legt. So kommen in jeder Saison mehrere Opernproduktionen und eine Vielzahl von Konzerten zur Auff\u00fchrung. Dabei gastieren Weltstars in der ehemaligen Sommerresidenz des kurpf\u00e4lzischen Hofes ebenso gerne wie junge, aufstrebende K\u00fcnstler.<\/p>\n\n\n\n<h2 class=\"wp-block-heading\">Weiterf\u00fchrende Links<\/h2>\n\n\n\n<p><a href=\"https:\/\/www.swr.de\/swrclassic\/schwetzinger-festspiele\/index.html\">Schwetzinger SWR Festspiele &#8211; SWR Classic <i class=\"fas fa-external-link-alt\"><\/i><\/a><\/p>\n","protected":false},"excerpt":{"rendered":"<p>Die Geschichte der Festspiele ist die Geschichte des Landes Die Gr\u00fcndungsgeschichte des Landes Baden-W\u00fcrttemberg und der Schwetzinger Festspiele ist eng miteinander verbunden. Mit der politischen Zusammenf\u00fchrung von Baden und W\u00fcrttemberg im Jahre 1952 stellte sich auch die Frage nach der gerechten Standortverteilung besonderer Institutionen und Veranstaltungen. Schwetzingen erhielt in diesem Zusammenhang ganz bewusst die Chance,&hellip;&nbsp;<a href=\"http:\/\/freundeskreis-schwetzinger-swr-festspiele.de\/?page_id=530\" rel=\"bookmark\">Weiterlesen &raquo;<span class=\"screen-reader-text\">Geschichte der SWR Festspiele<\/span><\/a><\/p>\n","protected":false},"author":4,"featured_media":0,"parent":0,"menu_order":0,"comment_status":"closed","ping_status":"closed","template":"","meta":{"neve_meta_sidebar":"","neve_meta_container":"","neve_meta_enable_content_width":"","neve_meta_content_width":0,"neve_meta_title_alignment":"","neve_meta_author_avatar":"","neve_post_elements_order":"","neve_meta_disable_header":"","neve_meta_disable_footer":"","neve_meta_disable_title":"","_themeisle_gutenberg_block_has_review":false,"footnotes":""},"class_list":["post-530","page","type-page","status-publish","hentry"],"_links":{"self":[{"href":"http:\/\/freundeskreis-schwetzinger-swr-festspiele.de\/index.php?rest_route=\/wp\/v2\/pages\/530","targetHints":{"allow":["GET"]}}],"collection":[{"href":"http:\/\/freundeskreis-schwetzinger-swr-festspiele.de\/index.php?rest_route=\/wp\/v2\/pages"}],"about":[{"href":"http:\/\/freundeskreis-schwetzinger-swr-festspiele.de\/index.php?rest_route=\/wp\/v2\/types\/page"}],"author":[{"embeddable":true,"href":"http:\/\/freundeskreis-schwetzinger-swr-festspiele.de\/index.php?rest_route=\/wp\/v2\/users\/4"}],"replies":[{"embeddable":true,"href":"http:\/\/freundeskreis-schwetzinger-swr-festspiele.de\/index.php?rest_route=%2Fwp%2Fv2%2Fcomments&post=530"}],"version-history":[{"count":15,"href":"http:\/\/freundeskreis-schwetzinger-swr-festspiele.de\/index.php?rest_route=\/wp\/v2\/pages\/530\/revisions"}],"predecessor-version":[{"id":985,"href":"http:\/\/freundeskreis-schwetzinger-swr-festspiele.de\/index.php?rest_route=\/wp\/v2\/pages\/530\/revisions\/985"}],"wp:attachment":[{"href":"http:\/\/freundeskreis-schwetzinger-swr-festspiele.de\/index.php?rest_route=%2Fwp%2Fv2%2Fmedia&parent=530"}],"curies":[{"name":"wp","href":"https:\/\/api.w.org\/{rel}","templated":true}]}}