{"id":314,"date":"2022-07-15T08:48:18","date_gmt":"2022-07-15T06:48:18","guid":{"rendered":"http:\/\/freundeskreis-schwetzinger-swr-festspiele.de\/?page_id=314"},"modified":"2025-11-27T17:42:03","modified_gmt":"2025-11-27T15:42:03","slug":"mitglied-werden","status":"publish","type":"page","link":"http:\/\/freundeskreis-schwetzinger-swr-festspiele.de\/?page_id=314","title":{"rendered":"Mitglied werden"},"content":{"rendered":"\n<div class=\"wp-block-group\"><div class=\"wp-block-group__inner-container is-layout-flow wp-block-group-is-layout-flow\">\n<figure class=\"wp-block-image alignwide size-large\"><a href=\"http:\/\/freundeskreis-schwetzinger-swr-festspiele.de\/wp-content\/uploads\/2025\/11\/7_2-SFbannerKV-2.jpg\"><img loading=\"lazy\" decoding=\"async\" width=\"1024\" height=\"293\" src=\"http:\/\/freundeskreis-schwetzinger-swr-festspiele.de\/wp-content\/uploads\/2025\/11\/7_2-SFbannerKV-2-1024x293.jpg\" alt=\"\" class=\"wp-image-975\" srcset=\"http:\/\/freundeskreis-schwetzinger-swr-festspiele.de\/wp-content\/uploads\/2025\/11\/7_2-SFbannerKV-2-1024x293.jpg 1024w, http:\/\/freundeskreis-schwetzinger-swr-festspiele.de\/wp-content\/uploads\/2025\/11\/7_2-SFbannerKV-2-300x86.jpg 300w, http:\/\/freundeskreis-schwetzinger-swr-festspiele.de\/wp-content\/uploads\/2025\/11\/7_2-SFbannerKV-2-768x219.jpg 768w, http:\/\/freundeskreis-schwetzinger-swr-festspiele.de\/wp-content\/uploads\/2025\/11\/7_2-SFbannerKV-2-1536x439.jpg 1536w, http:\/\/freundeskreis-schwetzinger-swr-festspiele.de\/wp-content\/uploads\/2025\/11\/7_2-SFbannerKV-2.jpg 1911w\" sizes=\"auto, (max-width: 1024px) 100vw, 1024px\" \/><\/a><\/figure>\n<\/div><\/div>\n\n\n\n<h1 class=\"wp-block-heading\">Mitglied werden<\/h1>\n\n\n\n<p>Mit Ihrem Mitgliedsbeitrag unterst\u00fctzen Sie Jahr f\u00fcr Jahr eine Reihe herausragender Veranstaltungen der Schwetzinger SWR Festspiele. Ebenso sind Ihre Spenden herzlich willkommen. <\/p>\n\n\n\n<p>Da der Freundeskreis Schwetzinger SWR Festspiele e.V. ein eingetragener Verein ist, k\u00f6nnen Sie sowohl Ihre Spenden als auch Ihre Mitgliedsbeitr\u00e4ge steuerlich geltend machen.<\/p>\n\n\n\n<h2 class=\"wp-block-heading\">Mitgliedsbeitr\u00e4ge:<\/h2>\n\n\n\n<figure class=\"wp-block-table is-style-regular\"><table class=\"has-fixed-layout\"><tbody><tr><td>Ordentliche Mitgliedschaft<\/td><td>Juristische Person: 2.500 \u20ac<br>Nat\u00fcrliche Person: 500 \u20ac<\/td><\/tr><tr><td>F\u00f6rdermitgliedschaft<\/td><td>Juristische Person: 5.000 \u20ac<br>Nat\u00fcrliche Person: 1.000 \u20ac<\/td><\/tr><\/tbody><\/table><\/figure>\n\n\n\n<h2 class=\"wp-block-heading\">Beitrittserkl\u00e4rung<\/h2>\n\n\n\n<p>Wenn Sie dem Verein beitreten wollen, f\u00fcllen Sie bitte die Beitrittserkl\u00e4rung aus und senden uns diese zu:<\/p>\n\n\n\n<div class=\"wp-block-file\"><a id=\"wp-block-file--media-15ee6ecf-2b3b-4338-9df0-823addce1660\" href=\"http:\/\/freundeskreis-schwetzinger-swr-festspiele.de\/wp-content\/uploads\/2022\/08\/Beitrittserklaerung.pdf\">Beitrittserklaerung<\/a><\/div>\n\n\n\n<p><\/p>\n","protected":false},"excerpt":{"rendered":"<p>Mitglied werden Mit Ihrem Mitgliedsbeitrag unterst\u00fctzen Sie Jahr f\u00fcr Jahr eine Reihe herausragender Veranstaltungen der Schwetzinger SWR Festspiele. Ebenso sind Ihre Spenden herzlich willkommen. Da der Freundeskreis Schwetzinger SWR Festspiele e.V. ein eingetragener Verein ist, k\u00f6nnen Sie sowohl Ihre Spenden als auch Ihre Mitgliedsbeitr\u00e4ge steuerlich geltend machen. Mitgliedsbeitr\u00e4ge: Ordentliche Mitgliedschaft Juristische Person: 2.500 \u20acNat\u00fcrliche Person:&hellip;&nbsp;<a href=\"http:\/\/freundeskreis-schwetzinger-swr-festspiele.de\/?page_id=314\" rel=\"bookmark\">Weiterlesen &raquo;<span class=\"screen-reader-text\">Mitglied werden<\/span><\/a><\/p>\n","protected":false},"author":4,"featured_media":0,"parent":0,"menu_order":0,"comment_status":"closed","ping_status":"closed","template":"","meta":{"neve_meta_sidebar":"","neve_meta_container":"","neve_meta_enable_content_width":"","neve_meta_content_width":0,"neve_meta_title_alignment":"","neve_meta_author_avatar":"","neve_post_elements_order":"","neve_meta_disable_header":"","neve_meta_disable_footer":"","neve_meta_disable_title":"","_themeisle_gutenberg_block_has_review":false,"footnotes":""},"class_list":["post-314","page","type-page","status-publish","hentry"],"_links":{"self":[{"href":"http:\/\/freundeskreis-schwetzinger-swr-festspiele.de\/index.php?rest_route=\/wp\/v2\/pages\/314","targetHints":{"allow":["GET"]}}],"collection":[{"href":"http:\/\/freundeskreis-schwetzinger-swr-festspiele.de\/index.php?rest_route=\/wp\/v2\/pages"}],"about":[{"href":"http:\/\/freundeskreis-schwetzinger-swr-festspiele.de\/index.php?rest_route=\/wp\/v2\/types\/page"}],"author":[{"embeddable":true,"href":"http:\/\/freundeskreis-schwetzinger-swr-festspiele.de\/index.php?rest_route=\/wp\/v2\/users\/4"}],"replies":[{"embeddable":true,"href":"http:\/\/freundeskreis-schwetzinger-swr-festspiele.de\/index.php?rest_route=%2Fwp%2Fv2%2Fcomments&post=314"}],"version-history":[{"count":18,"href":"http:\/\/freundeskreis-schwetzinger-swr-festspiele.de\/index.php?rest_route=\/wp\/v2\/pages\/314\/revisions"}],"predecessor-version":[{"id":976,"href":"http:\/\/freundeskreis-schwetzinger-swr-festspiele.de\/index.php?rest_route=\/wp\/v2\/pages\/314\/revisions\/976"}],"wp:attachment":[{"href":"http:\/\/freundeskreis-schwetzinger-swr-festspiele.de\/index.php?rest_route=%2Fwp%2Fv2%2Fmedia&parent=314"}],"curies":[{"name":"wp","href":"https:\/\/api.w.org\/{rel}","templated":true}]}}