{"id":311,"date":"2022-07-15T08:47:55","date_gmt":"2022-07-15T06:47:55","guid":{"rendered":"http:\/\/freundeskreis-schwetzinger-swr-festspiele.de\/?page_id=311"},"modified":"2025-12-05T08:51:34","modified_gmt":"2025-12-05T06:51:34","slug":"der-verein","status":"publish","type":"page","link":"http:\/\/freundeskreis-schwetzinger-swr-festspiele.de\/?page_id=311","title":{"rendered":"Ziele"},"content":{"rendered":"\n<figure class=\"wp-block-image size-large is-resized\"><a href=\"http:\/\/freundeskreis-schwetzinger-swr-festspiele.de\/wp-content\/uploads\/2025\/12\/2025_05_02_Eroeffnung-Festspiele-AdamEva_0784-2-scaled.jpg\"><img loading=\"lazy\" decoding=\"async\" width=\"1024\" height=\"683\" src=\"http:\/\/freundeskreis-schwetzinger-swr-festspiele.de\/wp-content\/uploads\/2025\/12\/2025_05_02_Eroeffnung-Festspiele-AdamEva_0784-2-1024x683.jpg\" alt=\"\" class=\"wp-image-996\" style=\"aspect-ratio:1.4992793575987737;width:1104px;height:auto\" srcset=\"http:\/\/freundeskreis-schwetzinger-swr-festspiele.de\/wp-content\/uploads\/2025\/12\/2025_05_02_Eroeffnung-Festspiele-AdamEva_0784-2-1024x683.jpg 1024w, http:\/\/freundeskreis-schwetzinger-swr-festspiele.de\/wp-content\/uploads\/2025\/12\/2025_05_02_Eroeffnung-Festspiele-AdamEva_0784-2-300x200.jpg 300w, http:\/\/freundeskreis-schwetzinger-swr-festspiele.de\/wp-content\/uploads\/2025\/12\/2025_05_02_Eroeffnung-Festspiele-AdamEva_0784-2-768x512.jpg 768w, http:\/\/freundeskreis-schwetzinger-swr-festspiele.de\/wp-content\/uploads\/2025\/12\/2025_05_02_Eroeffnung-Festspiele-AdamEva_0784-2-1536x1024.jpg 1536w, http:\/\/freundeskreis-schwetzinger-swr-festspiele.de\/wp-content\/uploads\/2025\/12\/2025_05_02_Eroeffnung-Festspiele-AdamEva_0784-2-2048x1365.jpg 2048w, http:\/\/freundeskreis-schwetzinger-swr-festspiele.de\/wp-content\/uploads\/2025\/12\/2025_05_02_Eroeffnung-Festspiele-AdamEva_0784-2-930x620.jpg 930w\" sizes=\"auto, (max-width: 1024px) 100vw, 1024px\" \/><\/a><\/figure>\n\n\n\n<h1 class=\"wp-block-heading\">Ziele<\/h1>\n\n\n\n<p>Der F\u00f6rderverein Freundeskreis Schwetzinger SWR Festspiele e.V. hat es sich zur Aufgabe gemacht, das zu einer lebendigen Tradition gewordene Kulturereignis Schwetzinger SWR Festspiele zu f\u00f6rdern. <\/p>\n\n\n<div class=\"wp-block-image\">\n<figure class=\"alignleft size-large is-resized\"><a href=\"http:\/\/freundeskreis-schwetzinger-swr-festspiele.de\/wp-content\/uploads\/2025\/12\/2025_05_02_Eroeffnung-Festspiele-AdamEva_0625-scaled.jpg\"><img loading=\"lazy\" decoding=\"async\" width=\"683\" height=\"1024\" src=\"http:\/\/freundeskreis-schwetzinger-swr-festspiele.de\/wp-content\/uploads\/2025\/12\/2025_05_02_Eroeffnung-Festspiele-AdamEva_0625-683x1024.jpg\" alt=\"\" class=\"wp-image-994\" style=\"aspect-ratio:0.6669972838526567;width:249px;height:auto\" srcset=\"http:\/\/freundeskreis-schwetzinger-swr-festspiele.de\/wp-content\/uploads\/2025\/12\/2025_05_02_Eroeffnung-Festspiele-AdamEva_0625-683x1024.jpg 683w, http:\/\/freundeskreis-schwetzinger-swr-festspiele.de\/wp-content\/uploads\/2025\/12\/2025_05_02_Eroeffnung-Festspiele-AdamEva_0625-200x300.jpg 200w, http:\/\/freundeskreis-schwetzinger-swr-festspiele.de\/wp-content\/uploads\/2025\/12\/2025_05_02_Eroeffnung-Festspiele-AdamEva_0625-768x1152.jpg 768w, http:\/\/freundeskreis-schwetzinger-swr-festspiele.de\/wp-content\/uploads\/2025\/12\/2025_05_02_Eroeffnung-Festspiele-AdamEva_0625-1024x1536.jpg 1024w, http:\/\/freundeskreis-schwetzinger-swr-festspiele.de\/wp-content\/uploads\/2025\/12\/2025_05_02_Eroeffnung-Festspiele-AdamEva_0625-1365x2048.jpg 1365w, http:\/\/freundeskreis-schwetzinger-swr-festspiele.de\/wp-content\/uploads\/2025\/12\/2025_05_02_Eroeffnung-Festspiele-AdamEva_0625-scaled.jpg 1707w\" sizes=\"auto, (max-width: 683px) 100vw, 683px\" \/><\/a><\/figure>\n<\/div>\n\n\n<p>Diese F\u00f6rderung bezieht sich auf finanzielle, organisatorische und publizistische Unterst\u00fctzung. Es liegt im Interesse des F\u00f6rdervereins, seine Mitgliederzahl \u00fcberschaubar zu halten, um seine satzungsgem\u00e4\u00df definierten Ziele effizient und unb\u00fcrokratisch verwirklichen zu k\u00f6nnen.<\/p>\n\n\n\n<p>Bei den zwei- bis dreimal j\u00e4hrlich stattfindenden Treffen des F\u00f6rdervereins informieren der Vorstand und die Gesch\u00e4ftsf\u00fchrung sowie die k\u00fcnstlerische Leitung der Schwetzinger Festspiele Sie als Vereinsmitglieder \u00fcber das jeweilige neue Festspielprogramm. <\/p>\n\n\n\n<p>Dar\u00fcber hinaus genie\u00dfen Sie als Mitglieder des Freundeskreises zahlreiche Sonderleistungen im Festspielangebot. Dazu geh\u00f6ren unter anderem bevorzugt Festspielkarten bestellen zu k\u00f6nnen, zu Generalproben oder Gespr\u00e4chsrunden mit K\u00fcnstlerinnen und K\u00fcnstlern sowie der Festspielleitung eingeladen zu werden.<\/p>\n\n\n\n<h2 class=\"wp-block-heading\">Satzung<\/h2>\n\n\n\n<div class=\"wp-block-file\"><a id=\"wp-block-file--media-c183582d-9b86-41dc-a63c-9a65b0640858\" href=\"http:\/\/freundeskreis-schwetzinger-swr-festspiele.de\/wp-content\/uploads\/2025\/11\/Freundeskreis-Schwetzinger-SWR-Festspiele-Satzung-Stand-20.07.2023.pdf\">Freundeskreis Schwetzinger SWR Festspiele Satzung Stand 20.07.2023<\/a><\/div>\n\n\n\n<p><\/p>\n","protected":false},"excerpt":{"rendered":"<p>Ziele Der F\u00f6rderverein Freundeskreis Schwetzinger SWR Festspiele e.V. hat es sich zur Aufgabe gemacht, das zu einer lebendigen Tradition gewordene Kulturereignis Schwetzinger SWR Festspiele zu f\u00f6rdern. Diese F\u00f6rderung bezieht sich auf finanzielle, organisatorische und publizistische Unterst\u00fctzung. Es liegt im Interesse des F\u00f6rdervereins, seine Mitgliederzahl \u00fcberschaubar zu halten, um seine satzungsgem\u00e4\u00df definierten Ziele effizient und unb\u00fcrokratisch&hellip;&nbsp;<a href=\"http:\/\/freundeskreis-schwetzinger-swr-festspiele.de\/?page_id=311\" rel=\"bookmark\">Weiterlesen &raquo;<span class=\"screen-reader-text\">Ziele<\/span><\/a><\/p>\n","protected":false},"author":4,"featured_media":0,"parent":0,"menu_order":0,"comment_status":"closed","ping_status":"closed","template":"","meta":{"neve_meta_sidebar":"","neve_meta_container":"","neve_meta_enable_content_width":"","neve_meta_content_width":0,"neve_meta_title_alignment":"","neve_meta_author_avatar":"","neve_post_elements_order":"","neve_meta_disable_header":"","neve_meta_disable_footer":"","neve_meta_disable_title":"","_themeisle_gutenberg_block_has_review":false,"footnotes":""},"class_list":["post-311","page","type-page","status-publish","hentry"],"_links":{"self":[{"href":"http:\/\/freundeskreis-schwetzinger-swr-festspiele.de\/index.php?rest_route=\/wp\/v2\/pages\/311","targetHints":{"allow":["GET"]}}],"collection":[{"href":"http:\/\/freundeskreis-schwetzinger-swr-festspiele.de\/index.php?rest_route=\/wp\/v2\/pages"}],"about":[{"href":"http:\/\/freundeskreis-schwetzinger-swr-festspiele.de\/index.php?rest_route=\/wp\/v2\/types\/page"}],"author":[{"embeddable":true,"href":"http:\/\/freundeskreis-schwetzinger-swr-festspiele.de\/index.php?rest_route=\/wp\/v2\/users\/4"}],"replies":[{"embeddable":true,"href":"http:\/\/freundeskreis-schwetzinger-swr-festspiele.de\/index.php?rest_route=%2Fwp%2Fv2%2Fcomments&post=311"}],"version-history":[{"count":18,"href":"http:\/\/freundeskreis-schwetzinger-swr-festspiele.de\/index.php?rest_route=\/wp\/v2\/pages\/311\/revisions"}],"predecessor-version":[{"id":999,"href":"http:\/\/freundeskreis-schwetzinger-swr-festspiele.de\/index.php?rest_route=\/wp\/v2\/pages\/311\/revisions\/999"}],"wp:attachment":[{"href":"http:\/\/freundeskreis-schwetzinger-swr-festspiele.de\/index.php?rest_route=%2Fwp%2Fv2%2Fmedia&parent=311"}],"curies":[{"name":"wp","href":"https:\/\/api.w.org\/{rel}","templated":true}]}}